{"id":10,"date":"2018-02-07T22:49:38","date_gmt":"2018-02-08T03:49:38","guid":{"rendered":"https:\/\/2018.cancun.wordcamp.org\/sponsors\/"},"modified":"2018-04-21T23:35:46","modified_gmt":"2018-04-22T04:35:46","slug":"sponsors","status":"publish","type":"page","link":"https:\/\/cancun.wordcamp.org\/2018\/sponsors\/","title":{"rendered":"Sponsors"},"content":{"rendered":"<h3>Nuestros Sponsors<\/h3>\n<p>Gracias a todo los patrocinadores que han hecho posible este evento!<\/p>\n\n\t<div class=\"wcorg-sponsors\">\n\t\t\n\t\t\t<div class=\"wcorg-sponsor-level-gold\">\n\t\t\t\t<h2>Gold<\/h2>\n\n\t\t\t\t\n\t\t\t\t\t<div id=\"wcorg-sponsor-22\" class=\"wcorg-sponsor\">\n\t\t\t\t\t\t\t\t\t\t\t\t\t\t\t\t\t\t\t\t\t<h3>\n\t\t\t\t\t\t\t\t\tWooCommerce\t\t\t\t\t\t\t\t<\/h3>\n\t\t\t\t\t\t\t\t\t\t\t\t\t\n\t\t\t\t\t\t<div class=\"wcorg-sponsor-description\">\n\t\t\t\t\t\t\t\t\t\t\t\t\t\t\t<img loading=\"lazy\" decoding=\"async\" width=\"432\" height=\"87\" src=\"https:\/\/cancun.wordcamp.org\/2018\/files\/2018\/02\/woocommerce_logo.png\" class=\"attachment-wcb-sponsor-logo-horizontal-2x size-wcb-sponsor-logo-horizontal-2x wp-post-image\" alt=\"WooCommerce\" srcset=\"https:\/\/cancun.wordcamp.org\/2018\/files\/2018\/02\/woocommerce_logo.png 432w, https:\/\/cancun.wordcamp.org\/2018\/files\/2018\/02\/woocommerce_logo-300x60.png 300w\" sizes=\"auto, 100vw\" \/>\t\t\t\t\t\t\t\n\t\t\t\t\t\t\t\t\t\t\t\t\t\t\t<p>WooCommerce es el <strong>software\/plataforma<\/strong> de comercio electr\u00f3nico de m\u00e1s r\u00e1pido crecimiento, impulsando sobre el 37% de todas las tiendas de comercio electr\u00f3nico con m\u00e1s de 1 mill\u00f3n de instalaciones activas. Est\u00e1 construido para integrarse perfectamente con WordPress, haci\u00e9ndolo la elecci\u00f3n obvia de comercio electr\u00f3nico para los usuarios de WordPress existentes y te conecta con el ecosistema de WordPress de r\u00e1pido crecimiento, que impulsa ahora m\u00e1s del 25% de todos los sitios web en Internet.<\/p>\n<p>Con WooCommerce puedes empezar con todas las herramientas b\u00e1sicas que cualquier peque\u00f1a empresa podr\u00eda necesitar para comenzar a vender online, incluyendo la configuraci\u00f3n del producto, los pagos, las opciones de env\u00edo, y los informes de ventas y a medida que tu negocio crece elegir entre m\u00e1s de 300 complementos premium disponibles, incluyendo procesadores de pago adicionales, los m\u00e9todos de env\u00edo, sistemas de inventario y herramientas de marketing para que cualquiera pueda vender cualquier cosa, en cualquier lugar desde productos reales y descargas digitales hasta suscripciones, contenido e incluso tu tiempo.<\/p>\n<p>En julio de 2015, WooCommerce fue adquirida por Automattic, los creadores de WordPress.com, que sirve a m\u00e1s de 15,8 mil millones de p\u00e1ginas al mes y tambi\u00e9n los creadores de otros servicios populares de WordPress como Akismet, Jetpack, y VaultPress. Esperamos un crecimiento de WooCommerce para conseguir cosas a\u00fan m\u00e1s grandes, junto con Automattic.<\/p>\n<p>28% of all online stores are powered by WooCommerce. Built on WordPress, WooCommerce is a fully customizable, open source\u00a0eCommerce\u00a0solution.<\/p>\n<ul>\n<li><a href=\"https:\/\/wordpress.org\/plugins\/woocommerce\/stats\/\" rel=\"nofollow\">3+ million active installations<\/a><\/li>\n<li>34+ million downloads<\/li>\n<li>450+ extensions to add functionality<\/li>\n<\/ul>\n<p>Whether you\u2019re selling a few handcrafted items to a niche market, taking an existing business online, or going global with an enterprise level eCommerce business\u00a0\u2013 WooCommerce will get you set up and selling fast and\u00a0scale securely as you grow. Plus your content will be forever yours and customizable down to the finest button color.<\/p>\n<p>Developed and supported by a distributed team, WooCommerce is powered\u00a0by Automattic, the creators of WordPress.com.<\/p>\n\t\t\t\t\t\t\t\t\t\t\t\t\t<\/div>\n\t\t\t\t\t<\/div><!-- #sponsor -->\n\t\t\t\t\n\t\t\t\t\t<div id=\"wcorg-sponsor-24\" class=\"wcorg-sponsor\">\n\t\t\t\t\t\t\t\t\t\t\t\t\t\t\t\t\t\t\t\t\t<h3>\n\t\t\t\t\t\t\t\t\tJetpack\t\t\t\t\t\t\t\t<\/h3>\n\t\t\t\t\t\t\t\t\t\t\t\t\t\n\t\t\t\t\t\t<div class=\"wcorg-sponsor-description\">\n\t\t\t\t\t\t\t\t\t\t\t\t\t\t\t<img loading=\"lazy\" decoding=\"async\" width=\"545\" height=\"150\" src=\"https:\/\/cancun.wordcamp.org\/2018\/files\/2018\/02\/Jetpack_Horizontal_RGB-1.png\" class=\"attachment-wcb-sponsor-logo-horizontal-2x size-wcb-sponsor-logo-horizontal-2x wp-post-image\" alt=\"Jetpack\" srcset=\"https:\/\/cancun.wordcamp.org\/2018\/files\/2018\/02\/Jetpack_Horizontal_RGB-1.png 545w, https:\/\/cancun.wordcamp.org\/2018\/files\/2018\/02\/Jetpack_Horizontal_RGB-1-300x83.png 300w, https:\/\/cancun.wordcamp.org\/2018\/files\/2018\/02\/Jetpack_Horizontal_RGB-1-500x138.png 500w\" sizes=\"auto, 100vw\" \/>\t\t\t\t\t\t\t\n\t\t\t\t\t\t\t\t\t\t\t\t\t\t\t<h4>SERVICIOS DE DISE\u00d1O<\/h4>\n<p>Crea y personaliza tu sitio de WordPress de principio a fin. Jetpack te ayuda con:<\/p>\n<ul>\n<li>Cientos de temas profesionales para todos los tipos de sitios<\/li>\n<li>Herramientas de personalizaci\u00f3n intuitivas y eficaces<\/li>\n<li>Una red de publicaci\u00f3n de contenido de imagen y video sin l\u00edmites y de alta velocidad<\/li>\n<li>Una carga diferida de im\u00e1genes para tener una experiencia m\u00f3vil m\u00e1s r\u00e1pida<\/li>\n<li>Integraci\u00f3n con las aplicaciones m\u00f3viles oficiales de WordPress<\/li>\n<\/ul>\n<h4>SERVICIOS DE M\u00c1RKETING<\/h4>\n<p>Mide y promociona tu sitio y hazte popular gracias a \u00e9l. Jetpack te ayuda con:<\/p>\n<ul>\n<li>Estad\u00edsticas del sitio y anal\u00edticas<\/li>\n<li>Publicaci\u00f3n de contenido en redes sociales y programaci\u00f3n anticipada<\/li>\n<li>B\u00fasqueda de contenido relacionado y de sitios con la tecnolog\u00eda de Elasticsearch<\/li>\n<li>Herramientas SEO para Google, Bing, Twitter, Facebook y WordPress.com<\/li>\n<li>Programa de anuncios que incluye lo mejor de AdSense, Facebook Ads, AOL, amazon, Google AdX y Yahoo<\/li>\n<li>Sencillos botones de pago con PayPal<\/li>\n<\/ul>\n<h4>SERVICIOS DE SEGURIDAD<\/h4>\n<p>Deja de preocuparte por la p\u00e9rdida de datos, ca\u00eddas del servicio y hackeo. Jetpack te ayuda con:<\/p>\n<ul>\n<li>Protecci\u00f3n contra ataques de fuerza bruta, filtrado de spam y supervisi\u00f3n durante periodos de inactividad<\/li>\n<li>Copias de seguridad diarias o en tiempo real de todo tu sitio<\/li>\n<li>Accesos seguros con la identificaci\u00f3n opcional de dos factores<\/li>\n<li>Escaneos de malware y de c\u00f3digo y resoluci\u00f3n autom\u00e1tica de amenazas<\/li>\n<li>Soporte prioritario y r\u00e1pido del equipo de expertos de WordPress<\/li>\n<\/ul>\n<p>Transform how you work with your WordPress sites and rest easy knowing they\u2019re always firing on all cylinders. Jetpack connects your site to the global services, community, and support provided by WordPress.com so you can focus on the stuff that matters.<\/p>\n<p>Jetpack automatically shields your site from the unwanted attention of spammers, hackers, and malware, while real-time sync and backup means you don\u2019t have to worry about data loss. Straightforward traffic-building tools help you attract the attention of readers and search engines. Pages and videos are delivered at high speed from a global, ad-free content delivery network.<\/p>\n<p>With Jetpack\u2019s Affiliate program you can earn 20% for every sale of Jetpack to your customers and clients. And with unlimited referrals, the sky\u2019s the limit! Refer as many clients and contacts as you can, and get paid for every sale you generate.<\/p>\n<p>Make your site work for you. Get your Jetpack today at <a href=\"http:\/\/jetpack.com\" rel=\"nofollow\">Jetpack.com<\/a><\/p>\n\t\t\t\t\t\t\t\t\t\t\t\t\t<\/div>\n\t\t\t\t\t<\/div><!-- #sponsor -->\n\t\t\t\t\n\t\t\t\t\t<div id=\"wcorg-sponsor-26\" class=\"wcorg-sponsor\">\n\t\t\t\t\t\t\t\t\t\t\t\t\t\t\t\t\t\t\t\t\t<h3>\n\t\t\t\t\t\t\t\t\tBluehost\t\t\t\t\t\t\t\t<\/h3>\n\t\t\t\t\t\t\t\t\t\t\t\t\t\n\t\t\t\t\t\t<div class=\"wcorg-sponsor-description\">\n\t\t\t\t\t\t\t\t\t\t\t\t\t\t\t<img loading=\"lazy\" decoding=\"async\" width=\"651\" height=\"137\" src=\"https:\/\/cancun.wordcamp.org\/2018\/files\/2018\/02\/bh_logo_2015.png\" class=\"attachment-wcb-sponsor-logo-horizontal-2x size-wcb-sponsor-logo-horizontal-2x wp-post-image\" alt=\"Bluehost\" srcset=\"https:\/\/cancun.wordcamp.org\/2018\/files\/2018\/02\/bh_logo_2015.png 651w, https:\/\/cancun.wordcamp.org\/2018\/files\/2018\/02\/bh_logo_2015-300x63.png 300w, https:\/\/cancun.wordcamp.org\/2018\/files\/2018\/02\/bh_logo_2015-500x105.png 500w\" sizes=\"auto, 100vw\" \/>\t\t\t\t\t\t\t\n\t\t\t\t\t\t\t\t\t\t\t\t\t\t\t<p><a href=\"https:\/\/www.bluehost.com\/\" rel=\"nofollow\">Bluehost<\/a>\u00a0ha sido un socio de WordPress desde 2005 y sirve a m\u00e1s de un mill\u00f3n de sitios WordPress en todo el mundo. Su objetivo es ayudar a los clientes, ya sean principiantes o profesionales, para crear una pr\u00f3spera presencia en l\u00ednea a un precio accesible. Con un equipo de expertos tecnol\u00f3gicos disponibles 24\/7, Bluehost dedica tiempo y recursos a proporcionar el mejor soporte en la industria. \u00danase a millones de propietarios de sitios web y vea lo que Bluehost puede hacer por usted y su presencia en l\u00ednea<\/p>\n<p>&nbsp;<\/p>\n<p><a href=\"https:\/\/www.bluehost.com\/\" rel=\"nofollow\">Bluehost<\/a> has been a WordPress partner since 2005 and powers over 1 million WordPress sites worldwide. Their objective is to help customers, whether novice or pro, create a thriving online presence at an affordable price. With a team of in-house tech experts available 24\/7, Bluehost dedicates time and resources to providing the best support and services in the industry. Join millions of other site owners and see what Bluehost can do for you and your online presence.<\/p>\n\t\t\t\t\t\t\t\t\t\t\t\t\t<\/div>\n\t\t\t\t\t<\/div><!-- #sponsor -->\n\t\t\t\t\t\t\t<\/div><!-- .wcorg-sponsor-level -->\n\t\t\n\t\t\t<div class=\"wcorg-sponsor-level-silver\">\n\t\t\t\t<h2>Silver<\/h2>\n\n\t\t\t\t\n\t\t\t\t\t<div id=\"wcorg-sponsor-28\" class=\"wcorg-sponsor\">\n\t\t\t\t\t\t\t\t\t\t\t\t\t\t\t\t\t\t\t\t\t<h3>\n\t\t\t\t\t\t\t\t\tGoDaddy\t\t\t\t\t\t\t\t<\/h3>\n\t\t\t\t\t\t\t\t\t\t\t\t\t\n\t\t\t\t\t\t<div class=\"wcorg-sponsor-description\">\n\t\t\t\t\t\t\t\t\t\t\t\t\t\t\t<img loading=\"lazy\" decoding=\"async\" width=\"400\" height=\"91\" src=\"https:\/\/cancun.wordcamp.org\/2018\/files\/2018\/02\/GoDaddy_Pro_RGB_Full_B2.png\" class=\"attachment-wcb-sponsor-logo-horizontal-2x size-wcb-sponsor-logo-horizontal-2x wp-post-image\" alt=\"GoDaddy\" srcset=\"https:\/\/cancun.wordcamp.org\/2018\/files\/2018\/02\/GoDaddy_Pro_RGB_Full_B2.png 400w, https:\/\/cancun.wordcamp.org\/2018\/files\/2018\/02\/GoDaddy_Pro_RGB_Full_B2-300x68.png 300w\" sizes=\"auto, 100vw\" \/>\t\t\t\t\t\t\t\n\t\t\t\t\t\t\t\t\t\t\t\t\t\t\t<p>GoDaddy impulsa la plataforma de nube m\u00e1s grande del mundo dedicada a peque\u00f1as empresas independientes. Con m\u00e1s de 17 millones clientes en todo el mundo y la gesti\u00f3n de m\u00e1s de 75 millones nombres de dominio , GoDaddy es el lugar al que acuden las personas para ponerle nombre a su idea, crear un sitio web profesional, atraer clientes y administrar su trabajo.<\/p>\n<p>GoDaddy Pro es para todos los dise\u00f1adores y desarrolladores web que crean y mantienen sitios web, particularmente sitios de WordPress, para otras personas. Automatiza las tareas de mantenimiento de rutina, fusiona las herramientas de administraci\u00f3n de clientes en un solo panel de control y te ofrece un 30% de descuento en todos los productos nuevos de GoDaddy, adem\u00e1s de un 5% de cr\u00e9dito para usar en la tienda en todas las compras nuevas. Y es 100% gratis.<\/p>\n<p>GoDaddy Pro offers a robust suite of free tools to web developers &amp; designers to help them save time managing all their clients and sites. With GoDaddy Pro, you can easily shop for your client, monitor their sites, and manage all their WordPress websites from one place. Exclusive time-saving tools let you update WordPress core, plugins and themes with one click, as well as automate WordPress backups, cloning and migrations. Get real-time performance, security and uptime monitoring across all your websites. Additionally, your free membership includes advanced 24\/7 technical support.<\/p>\n<p>When you pair GoDaddy Pro with GoDaddy hosting products, the benefits are even greater.<\/p>\n<p><a href=\"https:\/\/www.godaddy.com\/pro?utm_source=wcg18&amp;utm_medium=advocacy&amp;utm_campaign=en-us_pro_advocacy_base\" target=\"_blank\" rel=\"noopener nofollow\">Check out the Free Tools<\/a><\/p>\n\t\t\t\t\t\t\t\t\t\t\t\t\t<\/div>\n\t\t\t\t\t<\/div><!-- #sponsor -->\n\t\t\t\t\n\t\t\t\t\t<div id=\"wcorg-sponsor-30\" class=\"wcorg-sponsor\">\n\t\t\t\t\t\t\t\t\t\t\t\t\t\t\t\t\t\t\t\t\t<h3>\n\t\t\t\t\t\t\t\t\tDreamHost\t\t\t\t\t\t\t\t<\/h3>\n\t\t\t\t\t\t\t\t\t\t\t\t\t\n\t\t\t\t\t\t<div class=\"wcorg-sponsor-description\">\n\t\t\t\t\t\t\t\t\t\t\t\t\t\t\t<img loading=\"lazy\" decoding=\"async\" width=\"640\" height=\"121\" src=\"https:\/\/cancun.wordcamp.org\/2018\/files\/2018\/02\/331412824221554.GBlrlMR1Gu6QbsMWY22f_height640.png\" class=\"attachment-wcb-sponsor-logo-horizontal-2x size-wcb-sponsor-logo-horizontal-2x wp-post-image\" alt=\"DreamHost\" srcset=\"https:\/\/cancun.wordcamp.org\/2018\/files\/2018\/02\/331412824221554.GBlrlMR1Gu6QbsMWY22f_height640.png 640w, https:\/\/cancun.wordcamp.org\/2018\/files\/2018\/02\/331412824221554.GBlrlMR1Gu6QbsMWY22f_height640-300x57.png 300w, https:\/\/cancun.wordcamp.org\/2018\/files\/2018\/02\/331412824221554.GBlrlMR1Gu6QbsMWY22f_height640-500x95.png 500w\" sizes=\"auto, 100vw\" \/>\t\t\t\t\t\t\t\n\t\t\t\t\t\t\t\t\t\t\t\t\t\t\t<p>Desde 1997 DreamHost ha ayudado a personas, peque\u00f1as empresas, empresarios y desarrolladores de todo el mundo a llevar sus sue\u00f1os a la vida en Internet. Desde registros de dominio hasta alojamiento web tradicional y hosting altamente optimizado de WordPress, m\u00e1s de 400,000 clientes conf\u00edan en DreamHost para que sea su casa en l\u00ednea. DreamHost apoya el proyecto de WordPress y la comunidad con recursos dedicados y un equipo apasionado. Embalado con un valor excelente, DreamHost es un gran lugar para lanzar un blog, sitio web, o aplicaci\u00f3n en l\u00ednea en la estratosfera! M\u00e1s informaci\u00f3n en\u00a0<a href=\"http:\/\/href.li\/?http:\/\/www.DreamHost.com\" rel=\"nofollow\">www.DreamHost.com<\/a><\/p>\n<p>&nbsp;<\/p>\n<p>Since 1997 DreamHost has helped individuals, small businesses, entrepreneurs, and developers worldwide bring their dreams to life on the Internet. A leader in Managed WordPress hosting, over 400,000 customers trust DreamHost to be their online home. Supporting the open source community with dedicated resources and a passionate team, DreamHost believes in the power of the Open Web and the people that make it happen. Learn more at\u00a0<a href=\"http:\/\/href.li\/?http:\/\/www.DreamHost.com\" rel=\"nofollow\">www.DreamHost.com<\/a><\/p>\n\t\t\t\t\t\t\t\t\t\t\t\t\t<\/div>\n\t\t\t\t\t<\/div><!-- #sponsor -->\n\t\t\t\t\n\t\t\t\t\t<div id=\"wcorg-sponsor-346\" class=\"wcorg-sponsor\">\n\t\t\t\t\t\t\t\t\t\t\t\t\t\t\t\t\t\t\t\t\t<h3>\n\t\t\t\t\t\t\t\t\tYoast\t\t\t\t\t\t\t\t<\/h3>\n\t\t\t\t\t\t\t\t\t\t\t\t\t\n\t\t\t\t\t\t<div class=\"wcorg-sponsor-description\">\n\t\t\t\t\t\t\t\t\t\t\t\t\t\t\t<img loading=\"lazy\" decoding=\"async\" width=\"1040\" height=\"480\" src=\"https:\/\/cancun.wordcamp.org\/2018\/files\/2018\/05\/Yoast_Logo_RGB.png\" class=\"attachment-wcb-sponsor-logo-horizontal-2x size-wcb-sponsor-logo-horizontal-2x wp-post-image\" alt=\"Yoast\" srcset=\"https:\/\/cancun.wordcamp.org\/2018\/files\/2018\/05\/Yoast_Logo_RGB.png 1040w, https:\/\/cancun.wordcamp.org\/2018\/files\/2018\/05\/Yoast_Logo_RGB-300x138.png 300w, https:\/\/cancun.wordcamp.org\/2018\/files\/2018\/05\/Yoast_Logo_RGB-768x354.png 768w, https:\/\/cancun.wordcamp.org\/2018\/files\/2018\/05\/Yoast_Logo_RGB-1024x473.png 1024w, https:\/\/cancun.wordcamp.org\/2018\/files\/2018\/05\/Yoast_Logo_RGB-500x231.png 500w\" sizes=\"auto, 100vw\" \/>\t\t\t\t\t\t\t\n\t\t\t\t\t\t\t\t\t\t\t\t\t\t\t<p>Yoast helps you to get the most out of your website by making SEO available for everyone. You might know our <a href=\"https:\/\/yoast.com\/wordpress\/plugins\/seo\/\" target=\"_blank\" rel=\"noopener nofollow\">Yoast SEO plugin<\/a>; with over 7.8 million active installs, Yoast SEO is one of the most popular WordPress plugins worldwide.<\/p>\n<p>At Yoast, we believe in holistic SEO: not just one aspect of a website, but all aspects are important and should, therefore, be as good as possible. We don&#8217;t approach SEO as a trick to rank higher in Google but stimulate site owners to make their site the best search result. All awesome websites have three things in common: they&#8217;re easy to use, contain the right information, and they\u2019re fast and reliable. If you do all that right, a website becomes easier to find as well!<\/p>\n<p>Our products help people create remarkable sites. We offer WordPress plugins that make optimizing your WordPress website as easy as pie. In addition to that, our <a href=\"https:\/\/yoast.com\/academy\/courses\/\" target=\"_blank\" rel=\"noopener nofollow\">online courses<\/a> help you develop the skills to make your website easier to find. And it doesn\u2019t stop there: we\u2019ve partnered with Magento and TYPO3 experts and brought Yoast SEO to other platforms too, as we love to contribute to open source projects. All that ties up nicely with our ultimate goal: trying to make the web better for everyone.<\/p>\n<p>Web: <a href=\"http:\/\/yoast.com\/\" target=\"_blank\" rel=\"noopener nofollow\">yoast.com<\/a><br \/>\nFacebook: <a href=\"http:\/\/facebook.com\/yoast\" target=\"_blank\" rel=\"noopener nofollow\">facebook.com\/yoast<\/a><br \/>\nTwitter: <a href=\"http:\/\/twitter.com\/yoast\" target=\"_blank\" rel=\"noopener nofollow\">twitter.com\/yoast<\/a><\/p>\n\t\t\t\t\t\t\t\t\t\t\t\t\t<\/div>\n\t\t\t\t\t<\/div><!-- #sponsor -->\n\t\t\t\t\t\t\t<\/div><!-- .wcorg-sponsor-level -->\n\t\t\n\t\t\t<div class=\"wcorg-sponsor-level-bronze\">\n\t\t\t\t<h2>Bronze<\/h2>\n\n\t\t\t\t\n\t\t\t\t\t<div id=\"wcorg-sponsor-20\" class=\"wcorg-sponsor\">\n\t\t\t\t\t\t\t\t\t\t\t\t\t\t\t\t\t\t\t\t\t<h3>\n\t\t\t\t\t\t\t\t\tBoldGrid\t\t\t\t\t\t\t\t<\/h3>\n\t\t\t\t\t\t\t\t\t\t\t\t\t\n\t\t\t\t\t\t<div class=\"wcorg-sponsor-description\">\n\t\t\t\t\t\t\t\t\t\t\t\t\t\t\t<img loading=\"lazy\" decoding=\"async\" width=\"200\" height=\"28\" src=\"https:\/\/cancun.wordcamp.org\/2018\/files\/2018\/02\/boldGrid-transparent-lockup-2a.png\" class=\"attachment-wcb-sponsor-logo-horizontal-2x size-wcb-sponsor-logo-horizontal-2x wp-post-image\" alt=\"BoldGrid\" sizes=\"auto, 100vw\" \/>\t\t\t\t\t\t\t\n\t\t\t\t\t\t\t\t\t\t\t\t\t\t\t<p>BoldGrid es un constructor de sitios web desarrollado por WordPress. Se trata de un conjunto gratuito de complementos, temas y otros contenidos de WordPress que permiten la creaci\u00f3n y administraci\u00f3n de sitios web similares a los que no utilizan WordPress. Al colocar WordPress m\u00e1s en l\u00ednea con las soluciones de constructor de sitios de bricolaje en el mercado, nuestra misi\u00f3n no es s\u00f3lo hacer que WordPress sea m\u00e1s accesible y f\u00e1cil para los principiantes de utilizar, sino tambi\u00e9n automatizar y agilizar tareas t\u00edpicas de WordPress para proporcionar una plataforma r\u00e1pida y creadora que Incluso los profesionales de la web apreciar\u00e1n.<\/p>\n<p>Experimente WordPress como un constructor de sitios web, incluyendo: temas pre-construidos gratuitos, edici\u00f3n con arrastrar y soltar, bancos de im\u00e1genes integrados, edici\u00f3n de fotos simplificada, estadificaci\u00f3n integrada, copias de seguridad automatizadas y mucho m\u00e1s.<\/p>\n<p>\u00a1BoldGrid te har\u00e1 crear sitios WordPress de aspecto profesional en cuesti\u00f3n de minutos!<br \/>\n<a href=\"http:\/\/www.boldgrid.com\/\" target=\"_blank\" rel=\"noopener nofollow\">www.boldgrid.com<\/a><\/p>\n<p>&nbsp;<\/p>\n<p>BoldGrid is a website builder powered by WordPress. It is a free set of WordPress plugins, themes, and other content that allows site creation and management similar to non-WordPress website builders. By placing WordPress more in line with DIY site builder solutions on the market, our mission is not only to make WordPress more accessible and easy for beginners to utilize, but also automate and streamline typical WordPress tasks to provide a fast, creator-friendly platform that even web professionals will appreciate.<\/p>\n<p>Experience WordPress as a website builder, including: free pre-built themes, drag and drop editing, integrated image banks, simplified photo editing, built-in staging, automated backups, and so much more.<\/p>\n<p>BoldGrid will have you creating professional looking WordPress sites in minutes!<\/p>\n<p><a href=\"http:\/\/www.boldgrid.com\" target=\"_blank\" rel=\"noopener nofollow\">www.boldgrid.com<\/a><\/p>\n\t\t\t\t\t\t\t\t\t\t\t\t\t<\/div>\n\t\t\t\t\t<\/div><!-- #sponsor -->\n\t\t\t\t\t\t\t<\/div><!-- .wcorg-sponsor-level -->\n\t\t\t<\/div><!-- .wcorg-sponsors -->\n\n\t\n<h3>\u00bfEst\u00e1s interesado en patrocinar el evento?<\/h3>\n<p>Checa nuestro <a href=\"https:\/\/2018.cancun.wordcamp.org\/llamado-a-sponsors\/\" rel=\"nofollow\">llamado a sponsors.<\/a><\/p>\n","protected":false},"excerpt":{"rendered":"<p>Nuestros Sponsors Gracias a todo los patrocinadores que han hecho posible este evento! \u00bfEst\u00e1s interesado en patrocinar el evento? Checa nuestro llamado a sponsors.<\/p>\n","protected":false},"author":13690539,"featured_media":0,"parent":0,"menu_order":0,"comment_status":"closed","ping_status":"closed","template":"","meta":{"jetpack_post_was_ever_published":false,"footnotes":""},"class_list":["post-10","page","type-page","status-publish","hentry"],"jetpack_sharing_enabled":true,"jetpack_shortlink":"https:\/\/wp.me\/P9HzQx-a","_links":{"self":[{"href":"https:\/\/cancun.wordcamp.org\/2018\/wp-json\/wp\/v2\/pages\/10","targetHints":{"allow":["GET"]}}],"collection":[{"href":"https:\/\/cancun.wordcamp.org\/2018\/wp-json\/wp\/v2\/pages"}],"about":[{"href":"https:\/\/cancun.wordcamp.org\/2018\/wp-json\/wp\/v2\/types\/page"}],"author":[{"embeddable":true,"href":"https:\/\/cancun.wordcamp.org\/2018\/wp-json\/wp\/v2\/users\/13690539"}],"replies":[{"embeddable":true,"href":"https:\/\/cancun.wordcamp.org\/2018\/wp-json\/wp\/v2\/comments?post=10"}],"version-history":[{"count":3,"href":"https:\/\/cancun.wordcamp.org\/2018\/wp-json\/wp\/v2\/pages\/10\/revisions"}],"predecessor-version":[{"id":728,"href":"https:\/\/cancun.wordcamp.org\/2018\/wp-json\/wp\/v2\/pages\/10\/revisions\/728"}],"wp:attachment":[{"href":"https:\/\/cancun.wordcamp.org\/2018\/wp-json\/wp\/v2\/media?parent=10"}],"curies":[{"name":"wp","href":"https:\/\/api.w.org\/{rel}","templated":true}]}}