{"id":12,"date":"2018-02-07T22:49:38","date_gmt":"2018-02-07T22:49:38","guid":{"rendered":"https:\/\/2018.cancun.wordcamp.org\/organizers\/"},"modified":"2018-04-05T16:14:52","modified_gmt":"2018-04-05T16:14:52","slug":"organizers","status":"publish","type":"page","link":"https:\/\/cancun.wordcamp.org\/2018\/organizers\/","title":{"rendered":"Organizadores"},"content":{"rendered":"<p>Somos el\u00a0equipo de organizadores de este <strong>WordCamp 2018<\/strong> que se llevar\u00e1 a cabo en Canc\u00fan, Quintana Roo. Somos apasionados de WordPress y cada mes organizamos un meetup con diferentes temas, ah\u00ed nos puedes conocer y externar tus dudas:<\/p>\n\t<div class=\"wcorg-organizers\">\n\n\t\t\n\t\t\t<div class=\"wcorg-organizer\">\n\t\t\t\t<h2>Juan Pablo Lim\u00f3n<\/h2>\n\t\t\t\t<div class=\"wcorg-organizer-description\">\n\t\t\t\t\t\t\t\t\t\t<img alt='' src='https:\/\/secure.gravatar.com\/avatar\/?s=100&#038;d=mm&#038;r=g' srcset='https:\/\/secure.gravatar.com\/avatar\/?s=200&#038;d=mm&#038;r=g 2x' class='avatar avatar-100 photo avatar-default' height='100' width='100' \/>\t\t\t\t\t\t\t\t\t<\/div>\n\t\t\t<\/div>\n\n\t\t\n\t\t\t<div class=\"wcorg-organizer\">\n\t\t\t\t<h2>Iaax Page<\/h2>\n\t\t\t\t<div class=\"wcorg-organizer-description\">\n\t\t\t\t\t\t\t\t\t\t<img alt='' src='https:\/\/secure.gravatar.com\/avatar\/?s=100&#038;d=mm&#038;r=g' srcset='https:\/\/secure.gravatar.com\/avatar\/?s=200&#038;d=mm&#038;r=g 2x' class='avatar avatar-100 photo avatar-default' height='100' width='100' \/>\t\t\t\t\t\t\t\t\t<\/div>\n\t\t\t<\/div>\n\n\t\t\n\t\t\t<div class=\"wcorg-organizer\">\n\t\t\t\t<h2>Marcos Estrella<\/h2>\n\t\t\t\t<div class=\"wcorg-organizer-description\">\n\t\t\t\t\t\t\t\t\t\t<img alt='' src='https:\/\/secure.gravatar.com\/avatar\/e4405a45b51c5307c74b3c107d2896e69483058c0179d99a8f13f706a514e5c4?s=100&#038;d=mm&#038;r=g' srcset='https:\/\/secure.gravatar.com\/avatar\/e4405a45b51c5307c74b3c107d2896e69483058c0179d99a8f13f706a514e5c4?s=200&#038;d=mm&#038;r=g 2x' class='avatar avatar-100 photo' height='100' width='100' \/>\t\t\t\t\t<p>Hola!<\/p>\n\t\t\t\t<\/div>\n\t\t\t<\/div>\n\n\t\t\n\t<\/div><!-- .wcorg-organizers -->\n\t\n","protected":false},"excerpt":{"rendered":"<p>Somos el\u00a0equipo de organizadores de este WordCamp 2018 que se llevar\u00e1 a cabo en Canc\u00fan, Quintana Roo. Somos apasionados de WordPress y cada mes organizamos un meetup con diferentes temas, ah\u00ed nos puedes conocer y externar tus dudas:<\/p>\n","protected":false},"author":15956987,"featured_media":0,"parent":0,"menu_order":0,"comment_status":"closed","ping_status":"closed","template":"","meta":{"jetpack_post_was_ever_published":false,"footnotes":""},"class_list":["post-12","page","type-page","status-publish","hentry"],"jetpack_sharing_enabled":true,"jetpack_shortlink":"https:\/\/wp.me\/P9HzQx-c","_links":{"self":[{"href":"https:\/\/cancun.wordcamp.org\/2018\/wp-json\/wp\/v2\/pages\/12","targetHints":{"allow":["GET"]}}],"collection":[{"href":"https:\/\/cancun.wordcamp.org\/2018\/wp-json\/wp\/v2\/pages"}],"about":[{"href":"https:\/\/cancun.wordcamp.org\/2018\/wp-json\/wp\/v2\/types\/page"}],"author":[{"embeddable":true,"href":"https:\/\/cancun.wordcamp.org\/2018\/wp-json\/wp\/v2\/users\/15956987"}],"replies":[{"embeddable":true,"href":"https:\/\/cancun.wordcamp.org\/2018\/wp-json\/wp\/v2\/comments?post=12"}],"version-history":[{"count":4,"href":"https:\/\/cancun.wordcamp.org\/2018\/wp-json\/wp\/v2\/pages\/12\/revisions"}],"predecessor-version":[{"id":307,"href":"https:\/\/cancun.wordcamp.org\/2018\/wp-json\/wp\/v2\/pages\/12\/revisions\/307"}],"wp:attachment":[{"href":"https:\/\/cancun.wordcamp.org\/2018\/wp-json\/wp\/v2\/media?parent=12"}],"curies":[{"name":"wp","href":"https:\/\/api.w.org\/{rel}","templated":true}]}}