{"id":516,"date":"2018-04-18T20:53:28","date_gmt":"2018-04-18T20:53:28","guid":{"rendered":"https:\/\/2018.cancun.wordcamp.org\/?page_id=516"},"modified":"2018-04-21T20:42:35","modified_gmt":"2018-04-22T01:42:35","slug":"landing","status":"publish","type":"page","link":"https:\/\/cancun.wordcamp.org\/2018\/venta-de-boletos\/landing\/","title":{"rendered":"\u00a1Adquiere tus Boletos!"},"content":{"rendered":"\n<div class=\"wp-block-cover-image has-background-dim\">\n    <p class=\"wp-block-cover-image-text\"><strong>\u00a1Ya puedes adquirir tus boletos para la WordCamp Canc\u00fan!\ufeff<\/strong><\/p>\n<\/div>\n\n\n\n<p style=\"font-size:26px\">Felicidades, est\u00e1s apunto de ser parte de uno de los mejores eventos de tecnolog\u00eda a nivel internacional.<\/p>\n\n\n\n<p style=\"font-size:26px\">En nuestra primera edici\u00f3n contamos con m\u00e1s de 10 presentaciones de Dise\u00f1o, SEO, Comercio Electr\u00f3nico y Desarrollo de Software<\/p>\n\n\n\n<p style=\"background-color:#eee;color:#313131;font-size:30px;text-align:center\" class=\"has-background first-block\"><strong class=\"custom-header\">Detalles del Evento\u00a0\ufeff<\/strong>\ufeff<br \/>\u2022 <strong>Fecha<\/strong>: 12 de Mayo 2018<br \/>\u2022 <strong>Lugar<\/strong>: Planetario de Canc\u00fan<br \/>\u2022 <strong>Costo<\/strong>: $400 MXN<\/p>\n\n\n\n<h2 style=\"text-align:center\" class=\"camptixHeader wp-block-heading\">\u00a1Adquiere tus boletos ya!<\/h2>\n\n\n\n<a href=\"https:\/\/cancun.wordcamp.org\/2018\/venta-de-boletos\/landing\/\">Por favor, ve esta p\u00e1gina en un navegador para hacer una compra o gestionar boletos.<\/a>\n\n\n\n<h2 class=\"wp-block-heading\" style=\"text-align:center\">Lo que necesitas saber<\/h2>\n\n\n\n<ul class=\"awesome-list wp-block-list\">\n    <li>\u00bfQue incluye tu boleto?\n        <ul>\n            <li>La entrada a todas las presentaciones<\/li>\n            <li>La playera oficial del evento<\/li>\n            <li>Otros recuerdos<\/li>\n            <li>Acceso a la fiesta de clausura<\/li>\n            <li>El box lunch el d\u00eda del evento<\/li>\n        <\/ul>\n    <\/li>\n<\/ul>\n\n\n\n<p style=\"color:#817979;font-size:16px\">Las <strong>WordCamps<\/strong> son eventos inclusivos donde no se admite discriminaci\u00f3n de ning\u00fan tipo. Te pedimos leer el <a href=\"https:\/\/2018.cancun.wordcamp.org\/codigo-de-conducta\/\" target=\"_blank\" rel=\"nofollow\">C\u00f3digo de Conducta<\/a> de la fundaci\u00f3n, en el se describen como buscamos comportarnos dentro del evento para hacer que la gente se sienta bienvenida.\u00a0<\/p>\n\n\n\n<h3 class=\"wp-block-heading\" style=\"text-align:center\">Nuestros Patrocinadores<\/h3>\n\n\n\n<p style=\"text-align:center\">Gracias totales a nuestros patrocinadores, no podr\u00edamos hacer esto sin ellos.\u00a0<\/p>\n\n\n\n\n\t<div class=\"wcorg-sponsors\">\n\t\t\n\t\t\t<div class=\"wcorg-sponsor-level-gold\">\n\t\t\t\t<h2>Gold<\/h2>\n\n\t\t\t\t\n\t\t\t\t\t<div id=\"wcorg-sponsor-22\" class=\"wcorg-sponsor\">\n\t\t\t\t\t\t\t\t\t\t\t\t\t\t\t\t\t\t\t\t\t<h3>\n\t\t\t\t\t\t\t\t\tWooCommerce\t\t\t\t\t\t\t\t<\/h3>\n\t\t\t\t\t\t\t\t\t\t\t\t\t\n\t\t\t\t\t\t<div class=\"wcorg-sponsor-description\">\n\t\t\t\t\t\t\t\t\t\t\t\t\t\t\t<img loading=\"lazy\" decoding=\"async\" width=\"432\" height=\"87\" src=\"https:\/\/cancun.wordcamp.org\/2018\/files\/2018\/02\/woocommerce_logo.png\" class=\"attachment-wcb-sponsor-logo-horizontal-2x size-wcb-sponsor-logo-horizontal-2x wp-post-image\" alt=\"WooCommerce\" srcset=\"https:\/\/cancun.wordcamp.org\/2018\/files\/2018\/02\/woocommerce_logo.png 432w, https:\/\/cancun.wordcamp.org\/2018\/files\/2018\/02\/woocommerce_logo-300x60.png 300w\" sizes=\"auto, 100vw\" \/>\t\t\t\t\t\t\t\n\t\t\t\t\t\t\t\t\t\t\t\t\t<\/div>\n\t\t\t\t\t<\/div><!-- #sponsor -->\n\t\t\t\t\n\t\t\t\t\t<div id=\"wcorg-sponsor-24\" class=\"wcorg-sponsor\">\n\t\t\t\t\t\t\t\t\t\t\t\t\t\t\t\t\t\t\t\t\t<h3>\n\t\t\t\t\t\t\t\t\tJetpack\t\t\t\t\t\t\t\t<\/h3>\n\t\t\t\t\t\t\t\t\t\t\t\t\t\n\t\t\t\t\t\t<div class=\"wcorg-sponsor-description\">\n\t\t\t\t\t\t\t\t\t\t\t\t\t\t\t<img loading=\"lazy\" decoding=\"async\" width=\"545\" height=\"150\" src=\"https:\/\/cancun.wordcamp.org\/2018\/files\/2018\/02\/Jetpack_Horizontal_RGB-1.png\" class=\"attachment-wcb-sponsor-logo-horizontal-2x size-wcb-sponsor-logo-horizontal-2x wp-post-image\" alt=\"Jetpack\" srcset=\"https:\/\/cancun.wordcamp.org\/2018\/files\/2018\/02\/Jetpack_Horizontal_RGB-1.png 545w, https:\/\/cancun.wordcamp.org\/2018\/files\/2018\/02\/Jetpack_Horizontal_RGB-1-300x83.png 300w, https:\/\/cancun.wordcamp.org\/2018\/files\/2018\/02\/Jetpack_Horizontal_RGB-1-500x138.png 500w\" sizes=\"auto, 100vw\" \/>\t\t\t\t\t\t\t\n\t\t\t\t\t\t\t\t\t\t\t\t\t<\/div>\n\t\t\t\t\t<\/div><!-- #sponsor -->\n\t\t\t\t\n\t\t\t\t\t<div id=\"wcorg-sponsor-26\" class=\"wcorg-sponsor\">\n\t\t\t\t\t\t\t\t\t\t\t\t\t\t\t\t\t\t\t\t\t<h3>\n\t\t\t\t\t\t\t\t\tBluehost\t\t\t\t\t\t\t\t<\/h3>\n\t\t\t\t\t\t\t\t\t\t\t\t\t\n\t\t\t\t\t\t<div class=\"wcorg-sponsor-description\">\n\t\t\t\t\t\t\t\t\t\t\t\t\t\t\t<img loading=\"lazy\" decoding=\"async\" width=\"651\" height=\"137\" src=\"https:\/\/cancun.wordcamp.org\/2018\/files\/2018\/02\/bh_logo_2015.png\" class=\"attachment-wcb-sponsor-logo-horizontal-2x size-wcb-sponsor-logo-horizontal-2x wp-post-image\" alt=\"Bluehost\" srcset=\"https:\/\/cancun.wordcamp.org\/2018\/files\/2018\/02\/bh_logo_2015.png 651w, https:\/\/cancun.wordcamp.org\/2018\/files\/2018\/02\/bh_logo_2015-300x63.png 300w, https:\/\/cancun.wordcamp.org\/2018\/files\/2018\/02\/bh_logo_2015-500x105.png 500w\" sizes=\"auto, 100vw\" \/>\t\t\t\t\t\t\t\n\t\t\t\t\t\t\t\t\t\t\t\t\t<\/div>\n\t\t\t\t\t<\/div><!-- #sponsor -->\n\t\t\t\t\t\t\t<\/div><!-- .wcorg-sponsor-level -->\n\t\t\n\t\t\t<div class=\"wcorg-sponsor-level-silver\">\n\t\t\t\t<h2>Silver<\/h2>\n\n\t\t\t\t\n\t\t\t\t\t<div id=\"wcorg-sponsor-28\" class=\"wcorg-sponsor\">\n\t\t\t\t\t\t\t\t\t\t\t\t\t\t\t\t\t\t\t\t\t<h3>\n\t\t\t\t\t\t\t\t\tGoDaddy\t\t\t\t\t\t\t\t<\/h3>\n\t\t\t\t\t\t\t\t\t\t\t\t\t\n\t\t\t\t\t\t<div class=\"wcorg-sponsor-description\">\n\t\t\t\t\t\t\t\t\t\t\t\t\t\t\t<img loading=\"lazy\" decoding=\"async\" width=\"400\" height=\"91\" src=\"https:\/\/cancun.wordcamp.org\/2018\/files\/2018\/02\/GoDaddy_Pro_RGB_Full_B2.png\" class=\"attachment-wcb-sponsor-logo-horizontal-2x size-wcb-sponsor-logo-horizontal-2x wp-post-image\" alt=\"GoDaddy\" srcset=\"https:\/\/cancun.wordcamp.org\/2018\/files\/2018\/02\/GoDaddy_Pro_RGB_Full_B2.png 400w, https:\/\/cancun.wordcamp.org\/2018\/files\/2018\/02\/GoDaddy_Pro_RGB_Full_B2-300x68.png 300w\" sizes=\"auto, 100vw\" \/>\t\t\t\t\t\t\t\n\t\t\t\t\t\t\t\t\t\t\t\t\t<\/div>\n\t\t\t\t\t<\/div><!-- #sponsor -->\n\t\t\t\t\n\t\t\t\t\t<div id=\"wcorg-sponsor-30\" class=\"wcorg-sponsor\">\n\t\t\t\t\t\t\t\t\t\t\t\t\t\t\t\t\t\t\t\t\t<h3>\n\t\t\t\t\t\t\t\t\tDreamHost\t\t\t\t\t\t\t\t<\/h3>\n\t\t\t\t\t\t\t\t\t\t\t\t\t\n\t\t\t\t\t\t<div class=\"wcorg-sponsor-description\">\n\t\t\t\t\t\t\t\t\t\t\t\t\t\t\t<img loading=\"lazy\" decoding=\"async\" width=\"640\" height=\"121\" src=\"https:\/\/cancun.wordcamp.org\/2018\/files\/2018\/02\/331412824221554.GBlrlMR1Gu6QbsMWY22f_height640.png\" class=\"attachment-wcb-sponsor-logo-horizontal-2x size-wcb-sponsor-logo-horizontal-2x wp-post-image\" alt=\"DreamHost\" srcset=\"https:\/\/cancun.wordcamp.org\/2018\/files\/2018\/02\/331412824221554.GBlrlMR1Gu6QbsMWY22f_height640.png 640w, https:\/\/cancun.wordcamp.org\/2018\/files\/2018\/02\/331412824221554.GBlrlMR1Gu6QbsMWY22f_height640-300x57.png 300w, https:\/\/cancun.wordcamp.org\/2018\/files\/2018\/02\/331412824221554.GBlrlMR1Gu6QbsMWY22f_height640-500x95.png 500w\" sizes=\"auto, 100vw\" \/>\t\t\t\t\t\t\t\n\t\t\t\t\t\t\t\t\t\t\t\t\t<\/div>\n\t\t\t\t\t<\/div><!-- #sponsor -->\n\t\t\t\t\n\t\t\t\t\t<div id=\"wcorg-sponsor-346\" class=\"wcorg-sponsor\">\n\t\t\t\t\t\t\t\t\t\t\t\t\t\t\t\t\t\t\t\t\t<h3>\n\t\t\t\t\t\t\t\t\tYoast\t\t\t\t\t\t\t\t<\/h3>\n\t\t\t\t\t\t\t\t\t\t\t\t\t\n\t\t\t\t\t\t<div class=\"wcorg-sponsor-description\">\n\t\t\t\t\t\t\t\t\t\t\t\t\t\t\t<img loading=\"lazy\" decoding=\"async\" width=\"1040\" height=\"480\" src=\"https:\/\/cancun.wordcamp.org\/2018\/files\/2018\/05\/Yoast_Logo_RGB.png\" class=\"attachment-wcb-sponsor-logo-horizontal-2x size-wcb-sponsor-logo-horizontal-2x wp-post-image\" alt=\"Yoast\" srcset=\"https:\/\/cancun.wordcamp.org\/2018\/files\/2018\/05\/Yoast_Logo_RGB.png 1040w, https:\/\/cancun.wordcamp.org\/2018\/files\/2018\/05\/Yoast_Logo_RGB-300x138.png 300w, https:\/\/cancun.wordcamp.org\/2018\/files\/2018\/05\/Yoast_Logo_RGB-768x354.png 768w, https:\/\/cancun.wordcamp.org\/2018\/files\/2018\/05\/Yoast_Logo_RGB-1024x473.png 1024w, https:\/\/cancun.wordcamp.org\/2018\/files\/2018\/05\/Yoast_Logo_RGB-500x231.png 500w\" sizes=\"auto, 100vw\" \/>\t\t\t\t\t\t\t\n\t\t\t\t\t\t\t\t\t\t\t\t\t<\/div>\n\t\t\t\t\t<\/div><!-- #sponsor -->\n\t\t\t\t\t\t\t<\/div><!-- .wcorg-sponsor-level -->\n\t\t\n\t\t\t<div class=\"wcorg-sponsor-level-bronze\">\n\t\t\t\t<h2>Bronze<\/h2>\n\n\t\t\t\t\n\t\t\t\t\t<div id=\"wcorg-sponsor-20\" class=\"wcorg-sponsor\">\n\t\t\t\t\t\t\t\t\t\t\t\t\t\t\t\t\t\t\t\t\t<h3>\n\t\t\t\t\t\t\t\t\tBoldGrid\t\t\t\t\t\t\t\t<\/h3>\n\t\t\t\t\t\t\t\t\t\t\t\t\t\n\t\t\t\t\t\t<div class=\"wcorg-sponsor-description\">\n\t\t\t\t\t\t\t\t\t\t\t\t\t\t\t<img loading=\"lazy\" decoding=\"async\" width=\"200\" height=\"28\" src=\"https:\/\/cancun.wordcamp.org\/2018\/files\/2018\/02\/boldGrid-transparent-lockup-2a.png\" class=\"attachment-wcb-sponsor-logo-horizontal-2x size-wcb-sponsor-logo-horizontal-2x wp-post-image\" alt=\"BoldGrid\" sizes=\"auto, 100vw\" \/>\t\t\t\t\t\t\t\n\t\t\t\t\t\t\t\t\t\t\t\t\t<\/div>\n\t\t\t\t\t<\/div><!-- #sponsor -->\n\t\t\t\t\t\t\t<\/div><!-- .wcorg-sponsor-level -->\n\t\t\t<\/div><!-- .wcorg-sponsors -->\n\n\t\n","protected":false},"excerpt":{"rendered":"<p>Felicidades, est\u00e1s apunto de ser parte de uno de los mejores eventos de tecnolog\u00eda a nivel internacional. En nuestra primera edici\u00f3n contamos con m\u00e1s de 10 presentaciones de Dise\u00f1o, SEO, Comercio Electr\u00f3nico y Desarrollo de Software Detalles del Evento\u00a0\ufeff\ufeff\u2022 Fecha: 12 de Mayo 2018\u2022 Lugar: Planetario de Canc\u00fan\u2022 Costo: $400 MXN \u00a1Adquiere tus boletos ya! &hellip; <\/p>\n<p class=\"link-more\"><a href=\"https:\/\/cancun.wordcamp.org\/2018\/sponsor\/boldgrid\/\" class=\"more-link\">Continuar leyendo<span class=\"screen-reader-text\"> &#8220;BoldGrid&#8221;<\/span><\/a><\/p>\n","protected":false},"author":6850726,"featured_media":0,"parent":13,"menu_order":0,"comment_status":"closed","ping_status":"closed","template":"","meta":{"jetpack_post_was_ever_published":false,"footnotes":""},"class_list":["post-516","page","type-page","status-publish","hentry"],"jetpack_sharing_enabled":true,"jetpack_shortlink":"https:\/\/wp.me\/P9HzQx-8k","_links":{"self":[{"href":"https:\/\/cancun.wordcamp.org\/2018\/wp-json\/wp\/v2\/pages\/516","targetHints":{"allow":["GET"]}}],"collection":[{"href":"https:\/\/cancun.wordcamp.org\/2018\/wp-json\/wp\/v2\/pages"}],"about":[{"href":"https:\/\/cancun.wordcamp.org\/2018\/wp-json\/wp\/v2\/types\/page"}],"author":[{"embeddable":true,"href":"https:\/\/cancun.wordcamp.org\/2018\/wp-json\/wp\/v2\/users\/6850726"}],"replies":[{"embeddable":true,"href":"https:\/\/cancun.wordcamp.org\/2018\/wp-json\/wp\/v2\/comments?post=516"}],"version-history":[{"count":46,"href":"https:\/\/cancun.wordcamp.org\/2018\/wp-json\/wp\/v2\/pages\/516\/revisions"}],"predecessor-version":[{"id":695,"href":"https:\/\/cancun.wordcamp.org\/2018\/wp-json\/wp\/v2\/pages\/516\/revisions\/695"}],"up":[{"embeddable":true,"href":"https:\/\/cancun.wordcamp.org\/2018\/wp-json\/wp\/v2\/pages\/13"}],"wp:attachment":[{"href":"https:\/\/cancun.wordcamp.org\/2018\/wp-json\/wp\/v2\/media?parent=516"}],"curies":[{"name":"wp","href":"https:\/\/api.w.org\/{rel}","templated":true}]}}