{"id":9,"date":"2018-02-07T22:49:38","date_gmt":"2018-02-07T22:49:38","guid":{"rendered":"https:\/\/2018.cancun.wordcamp.org\/sessions\/"},"modified":"2018-04-18T06:34:01","modified_gmt":"2018-04-18T06:34:01","slug":"platicas","status":"publish","type":"page","link":"https:\/\/cancun.wordcamp.org\/2018\/platicas\/","title":{"rendered":"Pl\u00e1ticas"},"content":{"rendered":"<p>Las pl\u00e1ticas ser\u00e1n de <strong>9:30<\/strong> de la ma\u00f1ana a<strong> 5:30<\/strong> de la tarde con 2 descansos y 1 break para box lunch. Se contar\u00e1 con <strong>dos espacios para los ponentes<\/strong> y tendr\u00e1s la opci\u00f3n de elegir a cu\u00e1l entrar, seg\u00fan sea tu inter\u00e9s y perfil..<\/p>\n\n\t<div class=\"wcorg-sessions\">\n\t\t\n\t\t\t<div id=\"wcorg-session-493\" class=\"wcorg-session\" >\n\t\t\t\t<h2>\n\t\t\t\t\tWordPress y la arquitectura desacoplada\t\t\t\t<\/h2>\n\n\t\t\t\t<div class=\"wcorg-session-description\">\n\t\t\t\t\t\t\t\t\t\t\t\t\t\t\t\t\t\t\t\t<p>La arquitectura desacoplada es un tipo de arquitectura inform\u00e1tica que permite que los componentes o las capas de c\u00f3mputo se ejecuten de manera independiente mientras que siguen interactuando entre s\u00ed. Usando este pricipio podemos desarrollar sitios y\/o aplicaciones usando WordPress para el backend pero usando otras tecnologias para el frontend.<\/p>\n\n\t\t\t\t\t\t\t\t\t<\/div>\n\t\t\t<\/div>\n\n\t\t\n\t\t\t<div id=\"wcorg-session-478\" class=\"wcorg-session\" >\n\t\t\t\t<h2>\n\t\t\t\t\t\u00a1Lanzar su sitio con Jetpack!\t\t\t\t<\/h2>\n\n\t\t\t\t<div class=\"wcorg-session-description\">\n\t\t\t\t\t\t\t\t\t\t\t\t\t\t\t\t\t\t\t\t<p>Su presentaci\u00f3n \u00a1Lanzar su sitio con Jetpack! Demostrar\u00e1 los beneficios que el plugin Jetpack aporta a sus usuarios, explicar\u00e1 el uso b\u00e1sico del plugin (c\u00f3mo conectarse a WordPress.com, c\u00f3mo configurar sus m\u00f3dulos m\u00e1s populares). Adem\u00e1s, compartir\u00e1 las mejores pr\u00e1cticas para el uso de Jetpack con sitios de sus clientes, as\u00ed como algunos consejos m\u00e1s avanzados. Tambi\u00e9n estar\u00e1 disponible para proporcionar apoyo t\u00e9cnico para Jetpack a las personas que lo necesiten.<\/p>\n\n\t\t\t\t\t\t\t\t\t<\/div>\n\t\t\t<\/div>\n\n\t\t\n\t\t\t<div id=\"wcorg-session-480\" class=\"wcorg-session\" >\n\t\t\t\t<h2>\n\t\t\t\t\tPodcast, mitos y secretos del audio online\t\t\t\t<\/h2>\n\n\t\t\t\t<div class=\"wcorg-session-description\">\n\t\t\t\t\t\t\t\t\t\t\t\t\t\t\t\t\t\t\t\t<p>El podcast es una herramienta online de la que se desconocen muchos aspecto. Un sitio web con audio puede ser m\u00e1s poderoso para los usuarios y tiene demasiadas aplicaciones que mucha gente desconoce. \u00datil para muchos sectores y aplicaciones que a\u00fan no se han desarrollado en los pa\u00edses de habla hispana.<\/p>\n<p>Actualmente hay muchas herramientas, software libre y plataformas que hacen muy sencillo el poder crear archivos de audio de calidad.<\/p>\n<p>Compartir la experiencia de como ha evolucionado el audio en online es uno de los objetivos de esta charla multimedia.<\/p>\n\n\t\t\t\t\t\t\t\t\t<\/div>\n\t\t\t<\/div>\n\n\t\t\n\t\t\t<div id=\"wcorg-session-498\" class=\"wcorg-session\" >\n\t\t\t\t<h2>\n\t\t\t\t\tWordPress Connect\t\t\t\t<\/h2>\n\n\t\t\t\t<div class=\"wcorg-session-description\">\n\t\t\t\t\t\t\t\t\t\t\t\t\t\t\t\t\t\t\t\t<p>Veamos algunos de los recursos actuales que tenemos para jugar con WordPress a trav\u00e9s de una aplicaci\u00f3n web moderna de ejemplo.<br \/>\nWP REST API, Javascript y React, Jetpack, y otras herramientas y utilidades que nos permiten inovar; sin perder el respaldo de la popularidad que nos proporciona la trayectoria al trabajar con el CMS m\u00e1s usado a nivel mundial.<\/p>\n\n\t\t\t\t\t\t\t\t\t<\/div>\n\t\t\t<\/div>\n\n\t\t\n\t\t\t<div id=\"wcorg-session-615\" class=\"wcorg-session\" >\n\t\t\t\t<h2>\n\t\t\t\t\tReact + WordPress\t\t\t\t<\/h2>\n\n\t\t\t\t<div class=\"wcorg-session-description\">\n\t\t\t\t\t\t\t\t\t\t\t\t\t\t\t\t\t\t\t\t<p>En esta presentaci\u00f3n veremos como crear un plugin de WordPress que consume datos de la API y genera toda la visualizaci\u00f3n implementando React.<\/p>\n\n\t\t\t\t\t\t\t\t\t<\/div>\n\t\t\t<\/div>\n\n\t\t\n\t\t\t<div id=\"wcorg-session-507\" class=\"wcorg-session\" >\n\t\t\t\t<h2>\n\t\t\t\t\tTemas premium \u00f3 Temas gratis, \u00bfcu\u00e1l deber\u00edas de usar?\t\t\t\t<\/h2>\n\n\t\t\t\t<div class=\"wcorg-session-description\">\n\t\t\t\t\t\t\t\t\t\t\t\t\t\t\t\t\t\t\t\t<p>En esta platica hablaremos sobre las ventajas y desventajas tanto de los temas premium como de los temas gratis, daremos una serie de factores a considerar a la hora de elegir un tema y por ultimo les diremos acerca de las dificultades m\u00e1s comunes a las que te enfrentas como principiante en WordPress a la hora de elegir temas, el objetivo principal es que el p\u00fablico tome la decisi\u00f3n consciente de que tipo de tema usar a la hora de crear un sitio web con WordPress.<\/p>\n\n\t\t\t\t\t\t\t\t\t<\/div>\n\t\t\t<\/div>\n\n\t\t\n\t\t\t<div id=\"wcorg-session-491\" class=\"wcorg-session\" >\n\t\t\t\t<h2>\n\t\t\t\t\tDivi vs Elemertor\t\t\t\t<\/h2>\n\n\t\t\t\t<div class=\"wcorg-session-description\">\n\t\t\t\t\t\t\t\t\t\t\t\t\t\t\t\t\t\t\t\t<p>La batalla de los maquetadores visuales m\u00e1s usados de WordPress<br \/>\nSer\u00e1 una charla donde hablar\u00e9 sobre las caracter\u00edsticas, los pro y cons de Divi y Elementor. Explicaremos el funcionamiento de estos maquetadores y daremos una visualizaci\u00f3n hacia el futuro que tienen ambos maquetadores visuales.<\/p>\n\n\t\t\t\t\t\t\t\t\t<\/div>\n\t\t\t<\/div>\n\n\t\t\n\t\t\t<div id=\"wcorg-session-482\" class=\"wcorg-session\" >\n\t\t\t\t<h2>\n\t\t\t\t\t\u00bfQu\u00e9 tal con el tr\u00e1fico? : Incrementando la audiencia en tu sitio de WordPress.\t\t\t\t<\/h2>\n\n\t\t\t\t<div class=\"wcorg-session-description\">\n\t\t\t\t\t\t\t\t\t\t\t\t\t\t\t\t\t\t\t\t<p>Hay muchos mitos alrededor de cu\u00e1les son las mejores pr\u00e1cticas para atraer tr\u00e1fico a tu sitio. Esta charla pretende dejar las cosas claras al explicar de manera sencilla, las t\u00e9cnicas m\u00e1s exitosas para canalizar visitantes hacia tu sitio de WordPress.<\/p>\n\n\t\t\t\t\t\t\t\t\t<\/div>\n\t\t\t<\/div>\n\n\t\t\n\t\t\t<div id=\"wcorg-session-629\" class=\"wcorg-session\" >\n\t\t\t\t<h2>\n\t\t\t\t\tDeeplinks una pesadilla de SEO\t\t\t\t<\/h2>\n\n\t\t\t\t<div class=\"wcorg-session-description\">\n\t\t\t\t\t\t\t\t\t\t\t\t\t\t\t\t\t\t\t\t<p>En esta sesi\u00f3n Eric Mercier de Octopus, nos muestra como mejorar la estrategia de links para evitar cometer errores de posicionamiento web.<\/p>\n\n\t\t\t\t\t\t\t\t\t<\/div>\n\t\t\t<\/div>\n\n\t\t\n\t\t\t<div id=\"wcorg-session-635\" class=\"wcorg-session\" >\n\t\t\t\t<h2>\n\t\t\t\t\tWP CLI\t\t\t\t<\/h2>\n\n\t\t\t\t<div class=\"wcorg-session-description\">\n\t\t\t\t\t\t\t\t\t\t\t\t\t\t\t\t\t\t\t\t\n\t\t\t\t\t\t\t\t\t<\/div>\n\t\t\t<\/div>\n\n\t\t\n\t\t\t<div id=\"wcorg-session-511\" class=\"wcorg-session\" >\n\t\t\t\t<h2>\n\t\t\t\t\tAbre tu tienda en l\u00ednea con WooCommerce\t\t\t\t<\/h2>\n\n\t\t\t\t<div class=\"wcorg-session-description\">\n\t\t\t\t\t\t\t\t\t\t\t\t\t\t\t\t\t\t\t\t<p>Las bases de WooCommerce. Durante este curso revisaremos c\u00f3mo instalar y configurar WooCommerce para empezar a vender en l\u00ednea. Temas a cubrir:<\/p>\n<p>* C\u00f3mo instalar el plugin<br \/>\n* Configuraciones b\u00e1sicas: impuestos, env\u00edos e inventario<br \/>\n* Creaci\u00f3n de producto simples, variables y virtuales<\/p>\n\n\t\t\t\t\t\t\t\t\t<\/div>\n\t\t\t<\/div>\n\n\t\t\n\t\t\t<div id=\"wcorg-session-624\" class=\"wcorg-session\" >\n\t\t\t\t<h2>\n\t\t\t\t\tCrear un sitio de reservaciones con WooCommerce\t\t\t\t<\/h2>\n\n\t\t\t\t<div class=\"wcorg-session-description\">\n\t\t\t\t\t\t\t\t\t\t\t\t\t\t\t\t\t\t\t\t<p>En esta presentaci\u00f3n daremos una mirada a un sitio de reservaciones bastante sencillo. La idea es que los due\u00f1os de transportadores, hoteles peque\u00f1os y operadores de tours puedan usar este conocimiento para iniciar su operaci\u00f3n en Internet.<\/p>\n\n\t\t\t\t\t\t\t\t\t<\/div>\n\t\t\t<\/div>\n\n\t\t\n\t\t\t<div id=\"wcorg-session-631\" class=\"wcorg-session\" >\n\t\t\t\t<h2>\n\t\t\t\t\tDe Hobby a Medio de Comunicaci\u00f3n con WordPress\t\t\t\t<\/h2>\n\n\t\t\t\t<div class=\"wcorg-session-description\">\n\t\t\t\t\t\t\t\t\t\t\t\t\t\t\t\t\t\t\t\t\n\t\t\t\t\t\t\t\t\t<\/div>\n\t\t\t<\/div>\n\n\t\t\t<\/div><!-- .wcorg-sessions -->\n\n\t\n","protected":false},"excerpt":{"rendered":"<p>Las pl\u00e1ticas ser\u00e1n de 9:30 de la ma\u00f1ana a 5:30 de la tarde con 2 descansos y 1 break para box lunch. Se contar\u00e1 con dos espacios para los ponentes y tendr\u00e1s la opci\u00f3n de elegir a cu\u00e1l entrar, seg\u00fan sea tu inter\u00e9s y perfil..<\/p>\n","protected":false},"author":6850726,"featured_media":0,"parent":0,"menu_order":0,"comment_status":"closed","ping_status":"closed","template":"","meta":{"jetpack_post_was_ever_published":false,"footnotes":""},"class_list":["post-9","page","type-page","status-publish","hentry"],"jetpack_sharing_enabled":true,"jetpack_shortlink":"https:\/\/wp.me\/P9HzQx-9","_links":{"self":[{"href":"https:\/\/cancun.wordcamp.org\/2018\/wp-json\/wp\/v2\/pages\/9","targetHints":{"allow":["GET"]}}],"collection":[{"href":"https:\/\/cancun.wordcamp.org\/2018\/wp-json\/wp\/v2\/pages"}],"about":[{"href":"https:\/\/cancun.wordcamp.org\/2018\/wp-json\/wp\/v2\/types\/page"}],"author":[{"embeddable":true,"href":"https:\/\/cancun.wordcamp.org\/2018\/wp-json\/wp\/v2\/users\/6850726"}],"replies":[{"embeddable":true,"href":"https:\/\/cancun.wordcamp.org\/2018\/wp-json\/wp\/v2\/comments?post=9"}],"version-history":[{"count":3,"href":"https:\/\/cancun.wordcamp.org\/2018\/wp-json\/wp\/v2\/pages\/9\/revisions"}],"predecessor-version":[{"id":502,"href":"https:\/\/cancun.wordcamp.org\/2018\/wp-json\/wp\/v2\/pages\/9\/revisions\/502"}],"wp:attachment":[{"href":"https:\/\/cancun.wordcamp.org\/2018\/wp-json\/wp\/v2\/media?parent=9"}],"curies":[{"name":"wp","href":"https:\/\/api.w.org\/{rel}","templated":true}]}}